{"id":968,"date":"2026-01-18T20:34:18","date_gmt":"2026-01-18T19:34:18","guid":{"rendered":"http:\/\/backmulde-gasthausde.local\/?page_id=968"},"modified":"2026-03-28T13:48:15","modified_gmt":"2026-03-28T12:48:15","slug":"datenschutzhinweise","status":"publish","type":"page","link":"https:\/\/gasthaus-backmulde.de\/en\/datenschutzhinweise\/","title":{"rendered":"Datenschutzhinweise"},"content":{"rendered":"<div data-elementor-type=\"wp-page\" data-elementor-id=\"968\" class=\"elementor elementor-968\" data-elementor-post-type=\"page\">\n\t\t\t\t<div class=\"elementor-element elementor-element-48e40a7 e-flex e-con-boxed e-con e-parent\" data-id=\"48e40a7\" data-element_type=\"container\" data-e-type=\"container\">\n\t\t\t\t\t<div class=\"e-con-inner\">\n\t\t\t\t<div class=\"elementor-element elementor-element-ebd8bd7 elementor-widget elementor-widget-text-editor\" data-id=\"ebd8bd7\" data-element_type=\"widget\" data-e-type=\"widget\" data-widget_type=\"text-editor.default\">\n\t\t\t\t<div class=\"elementor-widget-container\">\n\t\t\t\t\t\t\t\t\t<div>\n<div>\n<p><span style=\"color: #ffffff; font-family: -apple-system, BlinkMacSystemFont, 'Segoe UI', Roboto, 'Helvetica Neue', Arial, 'Noto Sans', sans-serif, 'Apple Color Emoji', 'Segoe UI Emoji', 'Segoe UI Symbol', 'Noto Color Emoji'; font-size: 1rem;\">Bitte beachten sie auch die&nbsp;<\/span><a style=\"background-color: #2e0003; font-family: -apple-system, BlinkMacSystemFont, 'Segoe UI', Roboto, 'Helvetica Neue', Arial, 'Noto Sans', sans-serif, 'Apple Color Emoji', 'Segoe UI Emoji', 'Segoe UI Symbol', 'Noto Color Emoji'; font-size: 1rem;\" href=\"https:\/\/gasthaus-backmulde.de\/en\/datenschutzerklaerung\/\">Privacy Policy<\/a><span style=\"color: #ffffff; font-family: -apple-system, BlinkMacSystemFont, 'Segoe UI', Roboto, 'Helvetica Neue', Arial, 'Noto Sans', sans-serif, 'Apple Color Emoji', 'Segoe UI Emoji', 'Segoe UI Symbol', 'Noto Color Emoji'; font-size: 1rem;\">&nbsp;<\/span><span style=\"color: #ffffff; font-family: -apple-system, BlinkMacSystemFont, 'Segoe UI', Roboto, 'Helvetica Neue', Arial, 'Noto Sans', sans-serif, 'Apple Color Emoji', 'Segoe UI Emoji', 'Segoe UI Symbol', 'Noto Color Emoji'; font-size: 1rem;\">.<\/span><\/p>\n<p><span style=\"color: #ffffff; font-family: -apple-system, BlinkMacSystemFont, Segoe UI, Roboto, Helvetica Neue, Arial, Noto Sans, sans-serif, Apple Color Emoji, Segoe UI Emoji, Segoe UI Symbol, Noto Color Emoji;\">Mit diesen Datenschutzhinweisen informieren wir Sie gem. Art. 13 DSGVO \u00fcber die Datenverarbeitung in unserem Unternehmen Gasthaus Backmulde, Hotel Zepf und Schneider GmbH&nbsp;<\/span><u style=\"background-color: transparent; font-family: -apple-system, BlinkMacSystemFont, 'Segoe UI', Roboto, 'Helvetica Neue', Arial, 'Noto Sans', sans-serif, 'Apple Color Emoji', 'Segoe UI Emoji', 'Segoe UI Symbol', 'Noto Color Emoji'; font-size: 1rem; color: #ffffff;\">Verantwortliche\/r im Sinne des Datenschutzrechts ist:<\/u><span style=\"color: #ffffff; font-family: -apple-system, BlinkMacSystemFont, Segoe UI, Roboto, Helvetica Neue, Arial, Noto Sans, sans-serif, Apple Color Emoji, Segoe UI Emoji, Segoe UI Symbol, Noto Color Emoji;\"><br><\/span><\/p>\n<p><span style=\"color: #ffffff;\">Gasthaus Backmulde, Hotel Zepf und Schneider GmbH<\/span><br><span style=\"color: #ffffff;\">Alex Schneider, Bernhard Zepf, GF<\/span><br><span style=\"color: #ffffff;\">Schiffgasse 11<\/span><br><span style=\"color: #ffffff;\">DE- 69117 Heidelberg<\/span><br><span style=\"color: #ffffff;\">E-Mail: hotel@gasthaus-backmulde.de<\/span><\/p>\n<p><span style=\"color: #ffffff;\"><u>Kontaktdaten des Datenschutzbeauftragten:<\/u><\/span><\/p>\n<p><span style=\"color: #ffffff;\">H. C. Huber<\/span><br><span style=\"color: #ffffff;\">Konrad-Adenauer-Stra\u00dfe 25<\/span><br><span style=\"color: #ffffff;\">DE-67376 Harthausen<\/span><br><span style=\"color: #ffffff;\">Info@huberdatenschutz.de<\/span><\/p>\n<p><span style=\"color: #ffffff;\">Wir verarbeiten die folgenden personenbezogenen Daten:<\/span><\/p>\n<p><span style=\"color: #ffffff;\">Vor- und Nachname, Anrede, ggf. Titel<\/span><br><span style=\"color: #ffffff;\">Postanschrift\/en, Rechnungsanschrift<\/span><br><span style=\"color: #ffffff;\">Telefonnummer\/n, ggf. Telefaxnummer\/n<\/span><br><span style=\"color: #ffffff;\">Mail-Adresse\/n<\/span><br><span style=\"color: #ffffff;\">Geburtsdaten, f\u00fcr die angemessene Vertragsdurchf\u00fchrung ben\u00f6tigte Informationen<\/span><\/p>\n<p><span style=\"color: #ffffff;\">Wir verarbeiten personenbezogene Daten zu Zwecken der Ausf\u00fchrung und Abwicklung des Kundenverh\u00e4ltnisses einschlie\u00dflich der Korrespondenz, Erf\u00fcllung unserer vertraglichen und gesetzlichen Pflichten und Bearbeitung im Rahmen von gegenseitigen Anspr\u00fcchen aus den Vertragsverh\u00e4ltnissen (z. B. Rechnungsstellung, Leistungs-, Verg\u00fctungs- und Haftungsanspr\u00fcche usw.).<\/span><\/p>\n<p><span style=\"color: #ffffff;\">Rechtsgrundlagen f\u00fcr die Datenverarbeitung in unserem Unternehmen sind Art. 6 Abs. 1 Buchstabe b und c (DSGVO)<\/span><\/p>\n<p><span style=\"color: #ffffff;\">Die \u00dcbermittlung von personenbezogenen Daten an Dritte erfolgt nur in Ihrem Auftrag und mit Ihrem Einverst\u00e4ndnis. Wir geben personenbezogene Daten im Rahmen des Vertragsverh\u00e4ltnisses an folgende Empf\u00e4nger weiter: Auftragsverarbeiter (z. B. IT-Dienstleister, Druckdienstleister, Entsorgungsfirmen etc.), deren Dienstleistungen wir nur nutzen.<\/span><\/p>\n<p><span style=\"color: #ffffff;\">Eine Daten\u00fcbermittlung in Drittstaaten (Staaten au\u00dferhalb des Europ\u00e4ischen Wirtschaftsraums \u2013 EWR) findet nicht statt.<\/span><\/p>\n<p><span style=\"color: #ffffff;\">Ihre personenbezogenen Daten werden nach der Erhebung bei Gasthaus Backmulde, Hotel Zepf und Schneider GmbH solange gespeichert, wie dies unter Beachtung der gesetzlichen Aufbewahrungsfristen gem\u00e4\u00df f\u00fcr die jeweilige Aufgabenerf\u00fcllung erforderlich ist.<\/span><\/p>\n<p><span style=\"color: #ffffff;\">Sie haben folgende Rechte als \u201ebetroffene Person\u201c, deren Daten wir verarbeiten:<\/span><\/p>\n<p><span style=\"color: #ffffff;\">Recht auf Auskunft nach Art. 15 DSGVO<\/span><br><span style=\"color: #ffffff;\">Recht auf Berichtigung nach Art. 16 DSGVO<\/span><br><span style=\"color: #ffffff;\">Recht auf L\u00f6schung (\u201eVergessenwerden\u201c) nach Art. 17 DSGVO<\/span><br><span style=\"color: #ffffff;\">Recht auf Einschr\u00e4nkung der Verarbeitung nach Art. 18 DSGVO<\/span><br><span style=\"color: #ffffff;\">Recht auf \u00dcbertragung Ihrer Daten in einem strukturierten, g\u00e4ngigen und maschinenlesbaren Format nach Art. 20 DSGVO<\/span><\/p>\n<p><span style=\"color: #ffffff;\">Soweit wir die Verarbeitung f\u00fcr bestimmte Zwecke Ihrer personenbezogenen Daten auf Grundlage Ihrer Einwilligung durchf\u00fchren, haben Sie nach Art. 7 Abs. 3 DSGVO das Recht, Ihre Einwilligung jederzeit zu widerrufen. Nach Erhalt Ihres Widerrufs werden wir die Datenverarbeitung f\u00fcr die Zwecke einstellen, f\u00fcr die Sie uns die Einwilligung erteilt haben. Die Rechtm\u00e4\u00dfigkeit der Verarbeitung vor Erhalt Ihres Widerrufs bleibt unber\u00fchrt.<\/span><\/p>\n<p><span style=\"color: #ffffff;\">Widerspruchsrecht: Wenn wir Ihre personenbezogenen Daten zur Wahrung von berechtigten Interessen im Sinne von Art. 6 Abs. 1 Buchstabe f DSGVO verarbeiten, haben Sie nach Art. 21 Abs. 1 DSG-VO das Recht, dieser Verarbeitung aus Gr\u00fcnden zu widersprechen, die sich aus Ihrer besonderen Situation ergeben. Gegen die Verarbeitung zu Zwecken der Direktwerbung k\u00f6nnen Sie gem. Art. 21 Abs. 2 DSGVO jederzeit ohne Begr\u00fcndung widersprechen. Um Ihr Widerspruchsrecht auszu\u00fcben, gen\u00fcgt eine formlose Mitteilung an uns per E-Mail: info@gasthaus-backmulde-de-156061.hostingersite.com mit der Angabe, welcher Datenverarbeitung Sie widersprechen.<\/span><\/p>\n<p><span style=\"color: #ffffff;\">Wenn Sie der Meinung sind, dass die Verarbeitung der Sie betreffenden personenbezogenen Daten gegen die Datenschutz-Grundverordnung verst\u00f6\u00dft, haben Sie das Recht zur Beschwerde nach Art. 77 Abs. 1 DSGVO bei einer Aufsichtsbeh\u00f6rde f\u00fcr den Datenschutz (in der Regel Landesbeauftragte f\u00fcr Datenschutz und Informationsfreiheit). Die Beschwerde kann insbesondere bei der Aufsichtsbeh\u00f6rde eingelegt werden, die am Ort Ihres gew\u00f6hnlichen Aufenthalts, Ihres Arbeitsplatzes oder des mutma\u00dflichen Versto\u00dfes zust\u00e4ndig ist. Am Sitz unseres Unternehmens ist folgende Aufsichtsbeh\u00f6rde f\u00fcr den Datenschutz zust\u00e4ndig:<\/span><\/p>\n<p><span style=\"color: #ffffff;\">Der Landesbeauftragte f\u00fcr den Datenschutz und die Informationsfreiheit<\/span><br><span style=\"color: #ffffff;\">K\u00f6nigstrasse 10 a<\/span><br><span style=\"color: #ffffff;\">70173 Stuttgart<\/span><br><span style=\"color: #ffffff;\">E-Mail: poststelle@lfdi.bwl.de<\/span><\/p>\n<p><span style=\"color: #ffffff;\">Diese Hinweise entsprechen dem Rechtsstand vom 25. Mai 2018. Wir behalten uns vor, unsere Datenschutzhinweise an \u00c4nderungen in Vorschriften oder der Rechtsprechung anzupassen.<\/span><\/p>\n<\/div>\n<\/div>\n<div>\n<div>\n<div>\n<div>&nbsp;<\/div>\n<\/div>\n<\/div>\n<\/div>\t\t\t\t\t\t\t\t<\/div>\n\t\t\t\t<\/div>\n\t\t\t\t\t<\/div>\n\t\t\t\t<\/div>\n\t\t\t\t<\/div>","protected":false},"excerpt":{"rendered":"<p>Bitte beachten sie auch die&nbsp;Datenschutzerkl\u00e4rung&nbsp;. Mit diesen Datenschutzhinweisen informieren wir Sie gem. Art. 13 DSGVO \u00fcber die Datenverarbeitung in unserem Unternehmen Gasthaus Backmulde, Hotel Zepf und Schneider GmbH&nbsp;Verantwortliche\/r im Sinne des Datenschutzrechts ist: Gasthaus Backmulde, Hotel Zepf und Schneider GmbHAlex Schneider, Bernhard Zepf, GFSchiffgasse 11DE- 69117 HeidelbergE-Mail: hotel@gasthaus-backmulde.de Kontaktdaten des Datenschutzbeauftragten: H. C. HuberKonrad-Adenauer-Stra\u00dfe 25DE-67376 [&hellip;]<\/p>\n","protected":false},"author":1,"featured_media":0,"parent":0,"menu_order":0,"comment_status":"closed","ping_status":"closed","template":"","meta":{"_monsterinsights_skip_tracking":false,"_monsterinsights_sitenote_active":false,"_monsterinsights_sitenote_note":"","_monsterinsights_sitenote_category":0,"footnotes":""},"class_list":["post-968","page","type-page","status-publish","hentry"],"_hostinger_reach_plugin_has_subscription_block":false,"_hostinger_reach_plugin_is_elementor":false,"_links":{"self":[{"href":"https:\/\/gasthaus-backmulde.de\/en\/wp-json\/wp\/v2\/pages\/968","targetHints":{"allow":["GET"]}}],"collection":[{"href":"https:\/\/gasthaus-backmulde.de\/en\/wp-json\/wp\/v2\/pages"}],"about":[{"href":"https:\/\/gasthaus-backmulde.de\/en\/wp-json\/wp\/v2\/types\/page"}],"author":[{"embeddable":true,"href":"https:\/\/gasthaus-backmulde.de\/en\/wp-json\/wp\/v2\/users\/1"}],"replies":[{"embeddable":true,"href":"https:\/\/gasthaus-backmulde.de\/en\/wp-json\/wp\/v2\/comments?post=968"}],"version-history":[{"count":19,"href":"https:\/\/gasthaus-backmulde.de\/en\/wp-json\/wp\/v2\/pages\/968\/revisions"}],"predecessor-version":[{"id":2324,"href":"https:\/\/gasthaus-backmulde.de\/en\/wp-json\/wp\/v2\/pages\/968\/revisions\/2324"}],"wp:attachment":[{"href":"https:\/\/gasthaus-backmulde.de\/en\/wp-json\/wp\/v2\/media?parent=968"}],"curies":[{"name":"wp","href":"https:\/\/api.w.org\/{rel}","templated":true}]}}