{"id":973,"date":"2026-01-18T20:34:31","date_gmt":"2026-01-18T19:34:31","guid":{"rendered":"http:\/\/backmulde-gasthausde.local\/?page_id=973"},"modified":"2026-03-28T13:48:14","modified_gmt":"2026-03-28T12:48:14","slug":"impressum","status":"publish","type":"page","link":"https:\/\/gasthaus-backmulde.de\/en\/impressum\/","title":{"rendered":"Legal notice"},"content":{"rendered":"<div data-elementor-type=\"wp-page\" data-elementor-id=\"973\" class=\"elementor elementor-973\" data-elementor-post-type=\"page\">\n\t\t\t\t<div class=\"elementor-element elementor-element-2f146b4 e-flex e-con-boxed e-con e-parent\" data-id=\"2f146b4\" data-element_type=\"container\" data-e-type=\"container\">\n\t\t\t\t\t<div class=\"e-con-inner\">\n\t\t\t\t<div class=\"elementor-element elementor-element-f5042e0 elementor-widget elementor-widget-text-editor\" data-id=\"f5042e0\" data-element_type=\"widget\" data-e-type=\"widget\" data-widget_type=\"text-editor.default\">\n\t\t\t\t<div class=\"elementor-widget-container\">\n\t\t\t\t\t\t\t\t\t<p><span style=\"color: #ffffff;\"><b>Angaben gem\u00e4\u00df \u00a7 5 TMG<\/b><\/span><br \/><span style=\"color: #ffffff;\">Gasthaus Backmulde, Hotel Zepf und Schneider GmbH<\/span><br \/><span style=\"color: #ffffff;\">Schiffgasse 11<\/span><br \/><span style=\"color: #ffffff;\">69117 Heidelberg<\/span><br \/><span style=\"color: #ffffff;\">Handelsregister: HRB 334752<\/span><br \/><span style=\"color: #ffffff;\">Registergericht: Amtsgericht Heidelberg<\/span><br \/><span style=\"color: #ffffff;\">Vertreten durch:<\/span><br \/><span style=\"color: #ffffff;\">Alex Schneider, Bernhard Zepf<\/span><br \/><span style=\"color: #ffffff;\">\u00a0<\/span><br \/><span style=\"color: #ffffff;\"><b>Kontakt<\/b><\/span><br \/><span style=\"color: #ffffff;\">Telefon: +49 (0) 6221\/53660<\/span><br \/><span style=\"color: #ffffff;\">Telefax: +49 (0)<\/span><br \/><span style=\"color: #ffffff;\">E-Mail: hotel@gasthaus-backmulde-de-156061.hostingersite.com<\/span><br \/><span style=\"color: #ffffff;\">Umsatzsteuer-ID<\/span><br \/><span style=\"color: #ffffff;\">Umsatzsteuer-Identifikationsnummer gem\u00e4\u00df \u00a727 a Umsatzsteuergesetz:<\/span><br \/><span style=\"color: #ffffff;\">DE 156659505<\/span><\/p><p><span style=\"color: #ffffff;\">Wir sind nicht bereit oder verpflichtet, an Streitbeilegungsverfahren vor einer Verbraucherschlichtungsstelle teilzunehmen.<\/span><br \/><span style=\"color: #ffffff;\">\u00a0<\/span><br \/><span style=\"color: #ffffff;\">Haftung f\u00fcr Inhalte<\/span><br \/><span style=\"color: #ffffff;\">Als Diensteanbieter sind wir gem\u00e4\u00df \u00a7 7 Abs.1 TMG f\u00fcr eigene Inhalte auf diesen Seiten nach den allgemeinen Gesetzen verantwortlich. Nach \u00a7\u00a7 8 bis 10 TMG sind wir als Diensteanbieter jedoch nicht verpflichtet, \u00fcbermittelte oder gespeicherte fremde Informationen zu \u00fcberwachen oder nach Umst\u00e4nden zu forschen, die auf eine rechtswidrige T\u00e4tigkeit hinweisen.<\/span><br \/><span style=\"color: #ffffff;\">Verpflichtungen zur Entfernung oder Sperrung der Nutzung von Informationen nach den allgemeinen Gesetzen bleiben hiervon unber\u00fchrt. Eine diesbez\u00fcgliche Haftung ist jedoch erst ab dem Zeitpunkt der Kenntnis einer konkreten Rechtsverletzung m\u00f6glich. Bei Bekanntwerden von entsprechenden Rechtsverletzungen werden wir diese Inhalte umgehend entfernen.<\/span><br \/><span style=\"color: #ffffff;\">\u00a0<\/span><br \/><span style=\"color: #ffffff;\">Haftung f\u00fcr Links<\/span><br \/><span style=\"color: #ffffff;\">Unser Angebot enth\u00e4lt Links zu externen Websites Dritter, auf deren Inhalte wir keinen Einfluss haben. Deshalb k\u00f6nnen wir f\u00fcr diese fremden Inhalte auch keine Gew\u00e4hr \u00fcbernehmen. F\u00fcr die Inhalte der verlinkten Seiten ist stets der jeweilige Anbieter oder Betreiber der Seiten verantwortlich. Die verlinkten Seiten wurden zum Zeitpunkt der Verlinkung auf m\u00f6gliche Rechtsverst\u00f6\u00dfe \u00fcberpr\u00fcft. Rechtswidrige Inhalte waren zum Zeitpunkt der Verlinkung nicht erkennbar. Eine permanente inhaltliche Kontrolle der verlinkten Seiten ist jedoch ohne konkrete Anhaltspunkte einer Rechtsverletzung nicht zumutbar. Bei Bekanntwerden von Rechtsverletzungen werden wir derartige Links umgehend entfernen.<\/span><br \/><span style=\"color: #ffffff;\">\u00a0<\/span><br \/><span style=\"color: #ffffff;\">Urheberrecht<\/span><br \/><span style=\"color: #ffffff;\">Die durch die Seitenbetreiber erstellten Inhalte und Werke auf diesen Seiten unterliegen dem deutschen Urheberrecht. Die Vervielf\u00e4ltigung, Bearbeitung, Verbreitung und jede Art der Verwertung au\u00dferhalb der Grenzen des Urheberrechtes bed\u00fcrfen der schriftlichen Zustimmung des jeweiligen Autors bzw. Erstellers. Downloads und Kopien dieser Seite sind nur f\u00fcr den privaten, nicht kommerziellen Gebrauch gestattet. Soweit die Inhalte auf dieser Seite nicht vom Betreiber erstellt wurden, werden die Urheberrechte Dritter beachtet. Insbesondere werden Inhalte Dritter als solche gekennzeichnet. Sollten Sie trotzdem auf eine Urheberrechtsverletzung aufmerksam werden, bitten wir um einen entsprechenden Hinweis. Bei Bekanntwerden von Rechtsverletzungen werden wir derartige Inhalte umgehend entfernen.<\/span><\/p>\t\t\t\t\t\t\t\t<\/div>\n\t\t\t\t<\/div>\n\t\t\t\t\t<\/div>\n\t\t\t\t<\/div>\n\t\t\t\t<\/div>","protected":false},"excerpt":{"rendered":"<p>Angaben gem\u00e4\u00df \u00a7 5 TMGGasthaus Backmulde, Hotel Zepf und Schneider GmbHSchiffgasse 1169117 HeidelbergHandelsregister: HRB 334752Registergericht: Amtsgericht HeidelbergVertreten durch:Alex Schneider, Bernhard Zepf\u00a0KontaktTelefon: +49 (0) 6221\/53660Telefax: +49 (0)E-Mail: hotel@gasthaus-backmulde-de-156061.hostingersite.comUmsatzsteuer-IDUmsatzsteuer-Identifikationsnummer gem\u00e4\u00df \u00a727 a Umsatzsteuergesetz:DE 156659505 Wir sind nicht bereit oder verpflichtet, an Streitbeilegungsverfahren vor einer Verbraucherschlichtungsstelle teilzunehmen.\u00a0Haftung f\u00fcr InhalteAls Diensteanbieter sind wir gem\u00e4\u00df \u00a7 7 Abs.1 TMG f\u00fcr [&hellip;]<\/p>\n","protected":false},"author":1,"featured_media":0,"parent":0,"menu_order":0,"comment_status":"closed","ping_status":"closed","template":"","meta":{"_monsterinsights_skip_tracking":false,"_monsterinsights_sitenote_active":false,"_monsterinsights_sitenote_note":"","_monsterinsights_sitenote_category":0,"footnotes":""},"class_list":["post-973","page","type-page","status-publish","hentry"],"_hostinger_reach_plugin_has_subscription_block":false,"_hostinger_reach_plugin_is_elementor":false,"_links":{"self":[{"href":"https:\/\/gasthaus-backmulde.de\/en\/wp-json\/wp\/v2\/pages\/973","targetHints":{"allow":["GET"]}}],"collection":[{"href":"https:\/\/gasthaus-backmulde.de\/en\/wp-json\/wp\/v2\/pages"}],"about":[{"href":"https:\/\/gasthaus-backmulde.de\/en\/wp-json\/wp\/v2\/types\/page"}],"author":[{"embeddable":true,"href":"https:\/\/gasthaus-backmulde.de\/en\/wp-json\/wp\/v2\/users\/1"}],"replies":[{"embeddable":true,"href":"https:\/\/gasthaus-backmulde.de\/en\/wp-json\/wp\/v2\/comments?post=973"}],"version-history":[{"count":7,"href":"https:\/\/gasthaus-backmulde.de\/en\/wp-json\/wp\/v2\/pages\/973\/revisions"}],"predecessor-version":[{"id":1005,"href":"https:\/\/gasthaus-backmulde.de\/en\/wp-json\/wp\/v2\/pages\/973\/revisions\/1005"}],"wp:attachment":[{"href":"https:\/\/gasthaus-backmulde.de\/en\/wp-json\/wp\/v2\/media?parent=973"}],"curies":[{"name":"wp","href":"https:\/\/api.w.org\/{rel}","templated":true}]}}